{"id":47345,"date":"2025-05-31T04:04:45","date_gmt":"2025-05-31T08:04:45","guid":{"rendered":"https:\/\/technewsday.com\/staging\/?page_id=47345"},"modified":"2025-05-31T04:12:06","modified_gmt":"2025-05-31T08:12:06","slug":"author","status":"publish","type":"page","link":"https:\/\/technewsday.com\/staging\/author\/","title":{"rendered":"Author"},"content":{"rendered":"\t\t<div data-elementor-type=\"wp-page\" data-elementor-id=\"47345\" class=\"elementor elementor-47345\" data-elementor-post-type=\"page\">\n\t\t\t\t<div class=\"elementor-element elementor-element-7d625434 e-flex e-con-boxed e-con e-parent\" data-id=\"7d625434\" data-element_type=\"container\">\n\t\t\t\t\t<div class=\"e-con-inner\">\n\t\t<div class=\"elementor-element elementor-element-7145fce e-con-full e-flex e-con e-child\" data-id=\"7145fce\" data-element_type=\"container\">\n\t\t\t\t<div class=\"elementor-element elementor-element-615db515 elementor-widget elementor-widget-image\" data-id=\"615db515\" data-element_type=\"widget\" data-widget_type=\"image.default\">\n\t\t\t\t<div class=\"elementor-widget-container\">\n\t\t\t\t\t\t\t\t\t\t\t\t\t\t\t<img decoding=\"async\" width=\"136\" height=\"110\" src=\"https:\/\/technewsday.com\/staging\/wp-content\/uploads\/2025\/05\/Picture1.png\" class=\"attachment-full size-full wp-image-47317\" alt=\"\" \/>\t\t\t\t\t\t\t\t\t\t\t\t\t\t\t<\/div>\n\t\t\t\t<\/div>\n\t\t\t\t<\/div>\n\t\t<div class=\"elementor-element elementor-element-7053652e e-con-full e-flex e-con e-child\" data-id=\"7053652e\" data-element_type=\"container\">\n\t\t\t\t<div class=\"elementor-element elementor-element-50063fce elementor-widget elementor-widget-heading\" data-id=\"50063fce\" data-element_type=\"widget\" data-widget_type=\"heading.default\">\n\t\t\t\t<div class=\"elementor-widget-container\">\n\t\t\t\t\t<h2 class=\"elementor-heading-title elementor-size-default\">Jim Love<\/h2>\t\t\t\t<\/div>\n\t\t\t\t<\/div>\n\t\t\t\t<div class=\"elementor-element elementor-element-3999f187 elementor-widget elementor-widget-text-editor\" data-id=\"3999f187\" data-element_type=\"widget\" data-widget_type=\"text-editor.default\">\n\t\t\t\t<div class=\"elementor-widget-container\">\n\t\t\t\t\t\t\t\t\tJim is an author and podcast host with over 40 years of experience in the technology industry. He brings real life experience to stories about technology.\n<br><br>\nJim spent more than a decade as the CIO and the Chief Content Officer at the former IT World Canada.\n<br><br>\nAn author and musician, Jim&#8217;s latest novel, <a href=\"https:\/https:\/\/elisabook.com\/\">Elisa: A Tale of Quantum Kisses<\/a> explores our relationship with AI in a not too distant future. His most recent albums Last Man Standing and Highland Lullaby have received a great deal of critical acclaim as well. If you are curious, you can find them and more at <a href=\"https:\/\/music.jimlove.com\">his music website.\u00a0<\/a>\t\t\t\t\t\t\t\t<\/div>\n\t\t\t\t<\/div>\n\t\t\t\t<\/div>\n\t\t\t\t\t<\/div>\n\t\t\t\t<\/div>\n\t\t<div class=\"elementor-element elementor-element-2d042992 e-flex e-con-boxed e-con e-parent\" data-id=\"2d042992\" data-element_type=\"container\">\n\t\t\t\t\t<div class=\"e-con-inner\">\n\t\t\t\t<div class=\"elementor-element elementor-element-fcd599f elementor-widget elementor-widget-heading\" data-id=\"fcd599f\" data-element_type=\"widget\" data-widget_type=\"heading.default\">\n\t\t\t\t<div class=\"elementor-widget-container\">\n\t\t\t\t\t<h2 class=\"elementor-heading-title elementor-size-default\">Articles By Jim Love\n<\/h2>\t\t\t\t<\/div>\n\t\t\t\t<\/div>\n\t\t\t\t<div class=\"elementor-element elementor-element-6513fe2e elementor-grid-1 elementor-grid-tablet-1 elementor-grid-mobile-1 elementor-widget elementor-widget-loop-grid\" data-id=\"6513fe2e\" data-element_type=\"widget\" data-settings=\"{&quot;template_id&quot;:&quot;47357&quot;,&quot;columns&quot;:1,&quot;columns_tablet&quot;:1,&quot;row_gap_mobile&quot;:{&quot;unit&quot;:&quot;px&quot;,&quot;size&quot;:20,&quot;sizes&quot;:[]},&quot;pagination_type&quot;:&quot;numbers_and_prev_next&quot;,&quot;_skin&quot;:&quot;post&quot;,&quot;columns_mobile&quot;:&quot;1&quot;,&quot;edit_handle_selector&quot;:&quot;[data-elementor-type=\\&quot;loop-item\\&quot;]&quot;,&quot;pagination_load_type&quot;:&quot;page_reload&quot;,&quot;row_gap&quot;:{&quot;unit&quot;:&quot;px&quot;,&quot;size&quot;:&quot;&quot;,&quot;sizes&quot;:[]},&quot;row_gap_tablet&quot;:{&quot;unit&quot;:&quot;px&quot;,&quot;size&quot;:&quot;&quot;,&quot;sizes&quot;:[]}}\" data-widget_type=\"loop-grid.post\">\n\t\t\t\t<div class=\"elementor-widget-container\">\n\t\t\t\t\t\t\t<div class=\"elementor-loop-container elementor-grid\">\n\t\t<style id=\"loop-47357\">.elementor-47357 .elementor-element.elementor-element-6d5af96e{--display:flex;--flex-direction:row;--container-widget-width:calc( ( 1 - var( --container-widget-flex-grow ) ) * 100% );--container-widget-height:100%;--container-widget-flex-grow:1;--container-widget-align-self:stretch;--flex-wrap-mobile:wrap;--align-items:center;--padding-top:0px;--padding-bottom:0px;--padding-left:0px;--padding-right:0px;}.elementor-47357 .elementor-element.elementor-element-19ff066{--display:flex;--padding-top:0px;--padding-bottom:0px;--padding-left:0px;--padding-right:0px;}.elementor-widget-theme-post-featured-image .widget-image-caption{color:var( --e-global-color-text );font-weight:var( --e-global-typography-text-font-weight );}.elementor-47357 .elementor-element.elementor-element-11424dfd img{width:100%;height:180px;object-fit:cover;object-position:center center;}.elementor-47357 .elementor-element.elementor-element-7a3075fa{--display:flex;--justify-content:center;--gap:15px 15px;--row-gap:15px;--column-gap:15px;}.elementor-widget-theme-post-title .elementor-heading-title{font-weight:var( --e-global-typography-primary-font-weight );color:var( --e-global-color-primary );}.elementor-47357 .elementor-element.elementor-element-57c62eb3 .elementor-heading-title{color:var( --e-global-color-accent );}.elementor-47357 .elementor-element.elementor-element-57c62eb3 .elementor-heading-title a:hover, .elementor-47357 .elementor-element.elementor-element-57c62eb3 .elementor-heading-title a:focus{color:var( --e-global-color-primary );}@media(max-width:1024px){.elementor-47357 .elementor-element.elementor-element-6d5af96e{--flex-direction:row;--container-widget-width:initial;--container-widget-height:100%;--container-widget-flex-grow:1;--container-widget-align-self:stretch;--flex-wrap-mobile:wrap;}.elementor-47357 .elementor-element.elementor-element-11424dfd img{height:180px;}}@media(max-width:767px){.elementor-47357 .elementor-element.elementor-element-6d5af96e{--padding-top:0px;--padding-bottom:0px;--padding-left:0px;--padding-right:0px;}.elementor-47357 .elementor-element.elementor-element-19ff066{--padding-top:0px;--padding-bottom:0px;--padding-left:0px;--padding-right:0px;}.elementor-47357 .elementor-element.elementor-element-11424dfd img{height:250px;}.elementor-47357 .elementor-element.elementor-element-7a3075fa{--padding-top:10px;--padding-bottom:10px;--padding-left:0px;--padding-right:0px;}}@media(min-width:768px){.elementor-47357 .elementor-element.elementor-element-19ff066{--width:20%;}.elementor-47357 .elementor-element.elementor-element-7a3075fa{--width:80%;}}@media(max-width:1024px) and (min-width:768px){.elementor-47357 .elementor-element.elementor-element-19ff066{--width:28%;}.elementor-47357 .elementor-element.elementor-element-7a3075fa{--width:72%;}}\/* Start custom CSS for theme-post-featured-image, class: .elementor-element-11424dfd *\/.elementor-47357 .elementor-element.elementor-element-11424dfd a{\n    display: block;\n}\/* End custom CSS *\/<\/style>\t\t<div data-elementor-type=\"loop-item\" data-elementor-id=\"47357\" class=\"elementor elementor-47357 e-loop-item e-loop-item-48276 post-48276 post type-post status-publish format-standard hentry category-todays-news\" data-elementor-post-type=\"elementor_library\" data-custom-edit-handle=\"1\">\n\t\t\t<div class=\"elementor-element elementor-element-6d5af96e e-flex e-con-boxed e-con e-parent\" data-id=\"6d5af96e\" data-element_type=\"container\">\n\t\t\t\t\t<div class=\"e-con-inner\">\n\t\t<div class=\"elementor-element elementor-element-19ff066 e-con-full e-flex e-con e-child\" data-id=\"19ff066\" data-element_type=\"container\">\n\t\t\t\t<\/div>\n\t\t<div class=\"elementor-element elementor-element-7a3075fa e-con-full e-flex e-con e-child\" data-id=\"7a3075fa\" data-element_type=\"container\">\n\t\t\t\t<div class=\"elementor-element elementor-element-57c62eb3 elementor-widget elementor-widget-theme-post-title elementor-page-title elementor-widget-heading\" data-id=\"57c62eb3\" data-element_type=\"widget\" data-widget_type=\"theme-post-title.default\">\n\t\t\t\t<div class=\"elementor-widget-container\">\n\t\t\t\t\t<h4 class=\"elementor-heading-title elementor-size-default\"><a href=\"https:\/\/technewsday.com\/staging\/juegos-de-casino-online-gratuito-sin-descarga-y-no-ha-transpirado-carente-registrarse\/\" target=\"_blank\">Juegos de casino online gratuito Sin descarga y no ha transpirado carente registrarse<\/a><\/h4>\t\t\t\t<\/div>\n\t\t\t\t<\/div>\n\t\t\t\t<div class=\"elementor-element elementor-element-1b72d97a elementor-widget elementor-widget-shortcode\" data-id=\"1b72d97a\" data-element_type=\"widget\" data-widget_type=\"shortcode.default\">\n\t\t\t\t<div class=\"elementor-widget-container\">\n\t\t\t\t\t\t\t<div class=\"elementor-shortcode\"><p class=\"custom-excerpt\">\r\n  <span style=\"color:#1E73BE; font-weight:500;\">May 5, 2026<\/span>\r\n  <span style=\"color:#202020;\"> Primeramente en explicar esa inc\u00f3gnita, ser\u00ed\u00ada adecuado decir a su disposici\u00f3n decenas de c\u00f3digo sol casino casinos online en internet. Todos compiten dentro de s\u00ed porque todo el mundo desean que juegues referente a dicho<\/span><a href=\"https:\/\/technewsday.com\/staging\/juegos-de-casino-online-gratuito-sin-descarga-y-no-ha-transpirado-carente-registrarse\/\" target=\"_blank\" class=\"more-link\"> more...<\/a>\r\n<\/p><\/div>\n\t\t\t\t\t\t<\/div>\n\t\t\t\t<\/div>\n\t\t\t\t<\/div>\n\t\t\t\t\t<\/div>\n\t\t\t\t<\/div>\n\t\t\t\t<\/div>\n\t\t\t\t<div data-elementor-type=\"loop-item\" data-elementor-id=\"47357\" class=\"elementor elementor-47357 e-loop-item e-loop-item-48282 post-48282 post type-post status-publish format-standard hentry category-todays-news\" data-elementor-post-type=\"elementor_library\" data-custom-edit-handle=\"1\">\n\t\t\t<div class=\"elementor-element elementor-element-6d5af96e e-flex e-con-boxed e-con e-parent\" data-id=\"6d5af96e\" data-element_type=\"container\">\n\t\t\t\t\t<div class=\"e-con-inner\">\n\t\t<div class=\"elementor-element elementor-element-19ff066 e-con-full e-flex e-con e-child\" data-id=\"19ff066\" data-element_type=\"container\">\n\t\t\t\t<\/div>\n\t\t<div class=\"elementor-element elementor-element-7a3075fa e-con-full e-flex e-con e-child\" data-id=\"7a3075fa\" data-element_type=\"container\">\n\t\t\t\t<div class=\"elementor-element elementor-element-57c62eb3 elementor-widget elementor-widget-theme-post-title elementor-page-title elementor-widget-heading\" data-id=\"57c62eb3\" data-element_type=\"widget\" data-widget_type=\"theme-post-title.default\">\n\t\t\t\t<div class=\"elementor-widget-container\">\n\t\t\t\t\t<h4 class=\"elementor-heading-title elementor-size-default\"><a href=\"https:\/\/technewsday.com\/staging\/crypto-salle-de-jeu-no-deposit-pourboire-2026-free-spins-50-btc\/\" target=\"_blank\">Crypto Salle de jeu No Deposit Pourboire 2026 Free Spins &#038; $50 BTC<\/a><\/h4>\t\t\t\t<\/div>\n\t\t\t\t<\/div>\n\t\t\t\t<div class=\"elementor-element elementor-element-1b72d97a elementor-widget elementor-widget-shortcode\" data-id=\"1b72d97a\" data-element_type=\"widget\" data-widget_type=\"shortcode.default\">\n\t\t\t\t<div class=\"elementor-widget-container\">\n\t\t\t\t\t\t\t<div class=\"elementor-shortcode\"><p class=\"custom-excerpt\">\r\n  <span style=\"color:#1E73BE; font-weight:500;\">May 5, 2026<\/span>\r\n  <span style=\"color:#202020;\"> De ce qui levant des jeux pour bureau, vous trouverez des acad\u00e9miques tel qu&#039;un baccarat, cette caillou ou cet blackjack. Trop l&#039;\u00e9nergie sans aucun nous attire, des jeux en temps palpable pour d&#039;authentiques croupiers se<\/span><a href=\"https:\/\/technewsday.com\/staging\/crypto-salle-de-jeu-no-deposit-pourboire-2026-free-spins-50-btc\/\" target=\"_blank\" class=\"more-link\"> more...<\/a>\r\n<\/p><\/div>\n\t\t\t\t\t\t<\/div>\n\t\t\t\t<\/div>\n\t\t\t\t<\/div>\n\t\t\t\t\t<\/div>\n\t\t\t\t<\/div>\n\t\t\t\t<\/div>\n\t\t\t\t<div data-elementor-type=\"loop-item\" data-elementor-id=\"47357\" class=\"elementor elementor-47357 e-loop-item e-loop-item-48280 post-48280 post type-post status-publish format-standard hentry category-todays-news\" data-elementor-post-type=\"elementor_library\" data-custom-edit-handle=\"1\">\n\t\t\t<div class=\"elementor-element elementor-element-6d5af96e e-flex e-con-boxed e-con e-parent\" data-id=\"6d5af96e\" data-element_type=\"container\">\n\t\t\t\t\t<div class=\"e-con-inner\">\n\t\t<div class=\"elementor-element elementor-element-19ff066 e-con-full e-flex e-con e-child\" data-id=\"19ff066\" data-element_type=\"container\">\n\t\t\t\t<\/div>\n\t\t<div class=\"elementor-element elementor-element-7a3075fa e-con-full e-flex e-con e-child\" data-id=\"7a3075fa\" data-element_type=\"container\">\n\t\t\t\t<div class=\"elementor-element elementor-element-57c62eb3 elementor-widget elementor-widget-theme-post-title elementor-page-title elementor-widget-heading\" data-id=\"57c62eb3\" data-element_type=\"widget\" data-widget_type=\"theme-post-title.default\">\n\t\t\t\t<div class=\"elementor-widget-container\">\n\t\t\t\t\t<h4 class=\"elementor-heading-title elementor-size-default\"><a href=\"https:\/\/technewsday.com\/staging\/no-deposit-gratification-calcules-2025-real-money-online-salle-de-jeu\/\" target=\"_blank\">No Deposit Gratification Calcules 2025 Real-Money Online Salle de jeu<\/a><\/h4>\t\t\t\t<\/div>\n\t\t\t\t<\/div>\n\t\t\t\t<div class=\"elementor-element elementor-element-1b72d97a elementor-widget elementor-widget-shortcode\" data-id=\"1b72d97a\" data-element_type=\"widget\" data-widget_type=\"shortcode.default\">\n\t\t\t\t<div class=\"elementor-widget-container\">\n\t\t\t\t\t\t\t<div class=\"elementor-shortcode\"><p class=\"custom-excerpt\">\r\n  <span style=\"color:#1E73BE; font-weight:500;\">May 5, 2026<\/span>\r\n  <span style=\"color:#202020;\"> Nos arguments impos\u00e9es vers votre propose vivent g\u00e9n\u00e9r\u00e9es en compagnie de entretenir un exercice impartial , ! clair. Des comp\u00e9titeurs n\u00e9cessitent pr\u00e9server le situation en compagnie de mise de x50, ce qui indique que les<\/span><a href=\"https:\/\/technewsday.com\/staging\/no-deposit-gratification-calcules-2025-real-money-online-salle-de-jeu\/\" target=\"_blank\" class=\"more-link\"> more...<\/a>\r\n<\/p><\/div>\n\t\t\t\t\t\t<\/div>\n\t\t\t\t<\/div>\n\t\t\t\t<\/div>\n\t\t\t\t\t<\/div>\n\t\t\t\t<\/div>\n\t\t\t\t<\/div>\n\t\t\t\t<div data-elementor-type=\"loop-item\" data-elementor-id=\"47357\" class=\"elementor elementor-47357 e-loop-item e-loop-item-48266 post-48266 post type-post status-publish format-standard hentry category-todays-news\" data-elementor-post-type=\"elementor_library\" data-custom-edit-handle=\"1\">\n\t\t\t<div class=\"elementor-element elementor-element-6d5af96e e-flex e-con-boxed e-con e-parent\" data-id=\"6d5af96e\" data-element_type=\"container\">\n\t\t\t\t\t<div class=\"e-con-inner\">\n\t\t<div class=\"elementor-element elementor-element-19ff066 e-con-full e-flex e-con e-child\" data-id=\"19ff066\" data-element_type=\"container\">\n\t\t\t\t<\/div>\n\t\t<div class=\"elementor-element elementor-element-7a3075fa e-con-full e-flex e-con e-child\" data-id=\"7a3075fa\" data-element_type=\"container\">\n\t\t\t\t<div class=\"elementor-element elementor-element-57c62eb3 elementor-widget elementor-widget-theme-post-title elementor-page-title elementor-widget-heading\" data-id=\"57c62eb3\" data-element_type=\"widget\" data-widget_type=\"theme-post-title.default\">\n\t\t\t\t<div class=\"elementor-widget-container\">\n\t\t\t\t\t<h4 class=\"elementor-heading-title elementor-size-default\"><a href=\"https:\/\/technewsday.com\/staging\/migliori-sicuri-casino-italiani\/\" target=\"_blank\">Migliori &#038; Sicuri Casino Italiani<\/a><\/h4>\t\t\t\t<\/div>\n\t\t\t\t<\/div>\n\t\t\t\t<div class=\"elementor-element elementor-element-1b72d97a elementor-widget elementor-widget-shortcode\" data-id=\"1b72d97a\" data-element_type=\"widget\" data-widget_type=\"shortcode.default\">\n\t\t\t\t<div class=\"elementor-widget-container\">\n\t\t\t\t\t\t\t<div class=\"elementor-shortcode\"><p class=\"custom-excerpt\">\r\n  <span style=\"color:#1E73BE; font-weight:500;\">May 5, 2026<\/span>\r\n  <span style=\"color:#202020;\"> \u00c8 soprattutto ricca anche la partita dedicata alle promozioni, molte delle quali pensate proprio verso il confusione. I bisca non AAMS sopra arbitrio europea, quale quelli regolamentati da Melma Gaming Authority (MGA) oppure Cura\u00e7ao eGaming,<\/span><a href=\"https:\/\/technewsday.com\/staging\/migliori-sicuri-casino-italiani\/\" target=\"_blank\" class=\"more-link\"> more...<\/a>\r\n<\/p><\/div>\n\t\t\t\t\t\t<\/div>\n\t\t\t\t<\/div>\n\t\t\t\t<\/div>\n\t\t\t\t\t<\/div>\n\t\t\t\t<\/div>\n\t\t\t\t<\/div>\n\t\t\t\t<div data-elementor-type=\"loop-item\" data-elementor-id=\"47357\" class=\"elementor elementor-47357 e-loop-item e-loop-item-48272 post-48272 post type-post status-publish format-standard hentry category-todays-news\" data-elementor-post-type=\"elementor_library\" data-custom-edit-handle=\"1\">\n\t\t\t<div class=\"elementor-element elementor-element-6d5af96e e-flex e-con-boxed e-con e-parent\" data-id=\"6d5af96e\" data-element_type=\"container\">\n\t\t\t\t\t<div class=\"e-con-inner\">\n\t\t<div class=\"elementor-element elementor-element-19ff066 e-con-full e-flex e-con e-child\" data-id=\"19ff066\" data-element_type=\"container\">\n\t\t\t\t<\/div>\n\t\t<div class=\"elementor-element elementor-element-7a3075fa e-con-full e-flex e-con e-child\" data-id=\"7a3075fa\" data-element_type=\"container\">\n\t\t\t\t<div class=\"elementor-element elementor-element-57c62eb3 elementor-widget elementor-widget-theme-post-title elementor-page-title elementor-widget-heading\" data-id=\"57c62eb3\" data-element_type=\"widget\" data-widget_type=\"theme-post-title.default\">\n\t\t\t\t<div class=\"elementor-widget-container\">\n\t\t\t\t\t<h4 class=\"elementor-heading-title elementor-size-default\"><a href=\"https:\/\/technewsday.com\/staging\/komentar-k-kasinu-pulsz-2026-je-to-opravdu-vynosne\/\" target=\"_blank\">Koment\u00e1\u0159 k kasinu Pulsz 2026: Je to opravdu v\u00fdnosn\u00e9?<\/a><\/h4>\t\t\t\t<\/div>\n\t\t\t\t<\/div>\n\t\t\t\t<div class=\"elementor-element elementor-element-1b72d97a elementor-widget elementor-widget-shortcode\" data-id=\"1b72d97a\" data-element_type=\"widget\" data-widget_type=\"shortcode.default\">\n\t\t\t\t<div class=\"elementor-widget-container\">\n\t\t\t\t\t\t\t<div class=\"elementor-shortcode\"><p class=\"custom-excerpt\">\r\n  <span style=\"color:#1E73BE; font-weight:500;\">May 5, 2026<\/span>\r\n  <span style=\"color:#202020;\"> \u201eNov\u00e1 pob\u00eddka s indexem deseti dolar\u016f nahoru je nav\u00edc. Obvykle se k jej\u00edmu uplatn\u011bn\u00ed nevy\u017eaduje po\u010d\u00e1te\u010dn\u00ed vklad, ale budete si muset vybrat ni\u017e\u0161\u00ed \u010d\u00e1stky, abyste ji mohli skute\u010dn\u011b uvolnit.\u201c M\u011bli byste m\u00edt p\u0159\u00edstup k r\u016fzn\u00fdm<\/span><a href=\"https:\/\/technewsday.com\/staging\/komentar-k-kasinu-pulsz-2026-je-to-opravdu-vynosne\/\" target=\"_blank\" class=\"more-link\"> more...<\/a>\r\n<\/p><\/div>\n\t\t\t\t\t\t<\/div>\n\t\t\t\t<\/div>\n\t\t\t\t<\/div>\n\t\t\t\t\t<\/div>\n\t\t\t\t<\/div>\n\t\t\t\t<\/div>\n\t\t\t\t<div data-elementor-type=\"loop-item\" data-elementor-id=\"47357\" class=\"elementor elementor-47357 e-loop-item e-loop-item-48264 post-48264 post type-post status-publish format-standard hentry category-todays-news\" data-elementor-post-type=\"elementor_library\" data-custom-edit-handle=\"1\">\n\t\t\t<div class=\"elementor-element elementor-element-6d5af96e e-flex e-con-boxed e-con e-parent\" data-id=\"6d5af96e\" data-element_type=\"container\">\n\t\t\t\t\t<div class=\"e-con-inner\">\n\t\t<div class=\"elementor-element elementor-element-19ff066 e-con-full e-flex e-con e-child\" data-id=\"19ff066\" data-element_type=\"container\">\n\t\t\t\t<\/div>\n\t\t<div class=\"elementor-element elementor-element-7a3075fa e-con-full e-flex e-con e-child\" data-id=\"7a3075fa\" data-element_type=\"container\">\n\t\t\t\t<div class=\"elementor-element elementor-element-57c62eb3 elementor-widget elementor-widget-theme-post-title elementor-page-title elementor-widget-heading\" data-id=\"57c62eb3\" data-element_type=\"widget\" data-widget_type=\"theme-post-title.default\">\n\t\t\t\t<div class=\"elementor-widget-container\">\n\t\t\t\t\t<h4 class=\"elementor-heading-title elementor-size-default\"><a href=\"https:\/\/technewsday.com\/staging\/bonos-falto-tanque-acerca-de-casinos-sobre-espana-mejores-en-2025\/\" target=\"_blank\">Bonos Falto Tanque acerca de casinos sobre Espa\u00f1a: Mejores en 2025<\/a><\/h4>\t\t\t\t<\/div>\n\t\t\t\t<\/div>\n\t\t\t\t<div class=\"elementor-element elementor-element-1b72d97a elementor-widget elementor-widget-shortcode\" data-id=\"1b72d97a\" data-element_type=\"widget\" data-widget_type=\"shortcode.default\">\n\t\t\t\t<div class=\"elementor-widget-container\">\n\t\t\t\t\t\t\t<div class=\"elementor-shortcode\"><p class=\"custom-excerpt\">\r\n  <span style=\"color:#1E73BE; font-weight:500;\">May 5, 2026<\/span>\r\n  <span style=\"color:#202020;\"> Acerca de el pericia, los bonos acostumbran a haber instalaciones de postura espec\u00edficos de el dinero y no ha transpirado otras diversos de los giros gratuito. Igualmente, algunas promociones adem\u00e1s limitan el monto m\u00e1ximo que<\/span><a href=\"https:\/\/technewsday.com\/staging\/bonos-falto-tanque-acerca-de-casinos-sobre-espana-mejores-en-2025\/\" target=\"_blank\" class=\"more-link\"> more...<\/a>\r\n<\/p><\/div>\n\t\t\t\t\t\t<\/div>\n\t\t\t\t<\/div>\n\t\t\t\t<\/div>\n\t\t\t\t\t<\/div>\n\t\t\t\t<\/div>\n\t\t\t\t<\/div>\n\t\t\t\t<\/div>\n\t\t\n\t\t\t\t<div class=\"e-load-more-anchor\" data-page=\"1\" data-max-page=\"1407\" data-next-page=\"https:\/\/technewsday.com\/staging\/wp-json\/wp\/v2\/pages\/47345\/page\/2\/\"><\/div>\n\t\t\t\t<nav class=\"elementor-pagination\" aria-label=\"Pagination\">\n\t\t\t<span class=\"page-numbers prev\">Prev<\/span>\n<span aria-current=\"page\" class=\"page-numbers current\"><span class=\"elementor-screen-only\">Page<\/span>1<\/span>\n<a class=\"page-numbers\" href=\"https:\/\/technewsday.com\/staging\/wp-json\/wp\/v2\/pages\/47345\/page\/2\/\"><span class=\"elementor-screen-only\">Page<\/span>2<\/a>\n<a class=\"page-numbers\" href=\"https:\/\/technewsday.com\/staging\/wp-json\/wp\/v2\/pages\/47345\/page\/3\/\"><span class=\"elementor-screen-only\">Page<\/span>3<\/a>\n<a class=\"page-numbers\" href=\"https:\/\/technewsday.com\/staging\/wp-json\/wp\/v2\/pages\/47345\/page\/4\/\"><span class=\"elementor-screen-only\">Page<\/span>4<\/a>\n<a class=\"page-numbers\" href=\"https:\/\/technewsday.com\/staging\/wp-json\/wp\/v2\/pages\/47345\/page\/5\/\"><span class=\"elementor-screen-only\">Page<\/span>5<\/a>\n<a class=\"page-numbers next\" href=\"https:\/\/technewsday.com\/staging\/wp-json\/wp\/v2\/pages\/47345\/page\/2\/\">Next<\/a>\t\t<\/nav>\n\t\t\t\t\t\t<\/div>\n\t\t\t\t<\/div>\n\t\t\t\t\t<\/div>\n\t\t\t\t<\/div>\n\t\t\t\t<\/div>\n\t\t","protected":false},"excerpt":{"rendered":"<p>Jim Love Jim is an author and podcast host with over 40 years of experience in the technology industry. He brings real life experience to stories about technology. Jim spent more than a decade as the CIO and the Chief Content Officer at the former IT World Canada. An author and musician, Jim&#8217;s latest novel, [&hellip;]<\/p>\n","protected":false},"author":2,"featured_media":0,"parent":0,"menu_order":0,"comment_status":"closed","ping_status":"closed","template":"elementor_header_footer","meta":{"_acf_changed":false,"footnotes":""},"class_list":["post-47345","page","type-page","status-publish","hentry"],"acf":[],"_links":{"self":[{"href":"https:\/\/technewsday.com\/staging\/wp-json\/wp\/v2\/pages\/47345","targetHints":{"allow":["GET"]}}],"collection":[{"href":"https:\/\/technewsday.com\/staging\/wp-json\/wp\/v2\/pages"}],"about":[{"href":"https:\/\/technewsday.com\/staging\/wp-json\/wp\/v2\/types\/page"}],"author":[{"embeddable":true,"href":"https:\/\/technewsday.com\/staging\/wp-json\/wp\/v2\/users\/2"}],"replies":[{"embeddable":true,"href":"https:\/\/technewsday.com\/staging\/wp-json\/wp\/v2\/comments?post=47345"}],"version-history":[{"count":13,"href":"https:\/\/technewsday.com\/staging\/wp-json\/wp\/v2\/pages\/47345\/revisions"}],"predecessor-version":[{"id":47367,"href":"https:\/\/technewsday.com\/staging\/wp-json\/wp\/v2\/pages\/47345\/revisions\/47367"}],"wp:attachment":[{"href":"https:\/\/technewsday.com\/staging\/wp-json\/wp\/v2\/media?parent=47345"}],"curies":[{"name":"wp","href":"https:\/\/api.w.org\/{rel}","templated":true}]}}